{"id":11431,"date":"2025-09-15T16:33:27","date_gmt":"2025-09-15T16:33:27","guid":{"rendered":"https:\/\/queencatalinaplasticsurgery.com\/?page_id=11431"},"modified":"2025-09-30T16:45:59","modified_gmt":"2025-09-30T16:45:59","slug":"terminos-y-condiciones-generales","status":"publish","type":"page","link":"https:\/\/queencatalinaplasticsurgery.com\/es\/terminos-y-condiciones-generales\/","title":{"rendered":"Terms &#038; Conditions"},"content":{"rendered":"<div data-elementor-type=\"wp-page\" data-elementor-id=\"11431\" class=\"elementor elementor-11431\" data-elementor-settings=\"{&quot;ha_cmc_init_switcher&quot;:&quot;no&quot;}\" data-elementor-post-type=\"page\">\n\t\t\t\t<div data-particle_enable=\"false\" data-particle-mobile-disabled=\"false\" class=\"elementor-element elementor-element-54ab37f0 e-flex e-con-boxed e-con e-parent\" data-id=\"54ab37f0\" data-element_type=\"container\" data-e-type=\"container\" data-settings=\"{&quot;_ha_eqh_enable&quot;:false}\">\n\t\t\t\t\t<div class=\"e-con-inner\">\n\t\t\t\t<div class=\"elementor-element elementor-element-4aa26341 elementor-widget elementor-widget-spacer\" data-id=\"4aa26341\" data-element_type=\"widget\" data-e-type=\"widget\" data-widget_type=\"spacer.default\">\n\t\t\t\t\t\t\t<div class=\"elementor-spacer\">\n\t\t\t<div class=\"elementor-spacer-inner\"><\/div>\n\t\t<\/div>\n\t\t\t\t\t\t<\/div>\n\t\t\t\t<div class=\"elementor-element elementor-element-5ed7c30 elementor-widget-mobile__width-initial elementor-widget elementor-widget-heading\" data-id=\"5ed7c30\" data-element_type=\"widget\" data-e-type=\"widget\" data-widget_type=\"heading.default\">\n\t\t\t\t\t<h2 class=\"elementor-heading-title elementor-size-default\">QUEEN CATALINA PLASTIC SURGERY CLINIC\n<\/h2>\t\t\t\t<\/div>\n\t\t\t\t<div class=\"elementor-element elementor-element-78ee21f elementor-widget-mobile__width-initial elementor-widget elementor-widget-heading\" data-id=\"78ee21f\" data-element_type=\"widget\" data-e-type=\"widget\" data-widget_type=\"heading.default\">\n\t\t\t\t\t<h2 class=\"elementor-heading-title elementor-size-default\">T\u00e9rminos y Condiciones Generales<\/h2>\t\t\t\t<\/div>\n\t\t\t\t<div class=\"elementor-element elementor-element-4d3cb9f8 elementor-widget-mobile__width-initial elementor-widget elementor-widget-text-editor\" data-id=\"4d3cb9f8\" data-element_type=\"widget\" data-e-type=\"widget\" data-widget_type=\"text-editor.default\">\n\t\t\t\t\t\t\t\t\t<p data-start=\"184\" data-end=\"942\">1. Aceptaci\u00f3n y Prop\u00f3sito<br data-start=\"206\" data-end=\"209\" \/>Este documento establece los T\u00e9rminos y Condiciones Generales (en adelante, \u201cT\u00e9rminos\u201d) que rigen el uso del sitio web <a class=\"decorated-link\" href=\"https:\/\/queencatalinaplasticsurgery.com\/es\/\" target=\"_new\" rel=\"noopener\" data-start=\"326\" data-end=\"365\">https:\/\/queencatalinaplasticsurgery.com<\/a> (en adelante, el \"Sitio web\"), propiedad de Queen Catalina Plastic Surgery (en adelante, la \"Cl\u00ednica\"). Al acceder, navegar y utilizar este Sitio web, usted (en adelante, el \"Usuario\") acepta estar legalmente obligado por estos T\u00e9rminos y todas las leyes y regulaciones aplicables. Si no est\u00e1 de acuerdo, le rogamos no utilice este Sitio web.<br data-start=\"677\" data-end=\"680\" \/>El prop\u00f3sito de este Sitio web es proporcionar informaci\u00f3n sobre los servicios de cirug\u00eda pl\u00e1stica y est\u00e9tica que ofrece la Cl\u00ednica en Barranquilla, Colombia, y facilitar la comunicaci\u00f3n y la programaci\u00f3n de consultas para pacientes nacionales e internacionales.<\/p><p data-start=\"947\" data-end=\"1659\">2. Servicios y contenido del sitio web<br data-start=\"975\" data-end=\"978\" \/>La informaci\u00f3n y el contenido que se presentan en este Sitio web, incluyendo las descripciones de procedimientos, art\u00edculos, videos e im\u00e1genes, son estrictamente para fines informativos y no constituyen, bajo ninguna circunstancia, asesoramiento, diagn\u00f3stico o tratamiento m\u00e9dico. El contenido no reemplaza una consulta, evaluaci\u00f3n y diagn\u00f3stico realizados en persona por un profesional de la salud debidamente calificado.<br data-start=\"1365\" data-end=\"1368\" \/>Las consultas virtuales que se ofrecen a trav\u00e9s de este Sitio web son para fines de orientaci\u00f3n inicial y no deben considerarse un diagn\u00f3stico m\u00e9dico o un plan de tratamiento definitivo. El tratamiento m\u00e9dico final solo se determinar\u00e1 despu\u00e9s de una evaluaci\u00f3n m\u00e9dica completa y en persona, por parte de nuestros cirujanos.<\/p><p data-start=\"1664\" data-end=\"2086\">3. Propiedad Intelectual<br data-start=\"1685\" data-end=\"1688\" \/>Todo el contenido del Sitio web, incluyendo, sin limitaci\u00f3n, textos, gr\u00e1ficos, logotipos, \u00edconos, im\u00e1genes, clips de audio y video, compilaciones de datos, software y la marca Queen Catalina Plastic Surgery, es propiedad de la Cl\u00ednica o de sus proveedores de contenido, y est\u00e1 protegido por las leyes de propiedad intelectual de Colombia y las leyes internacionales. El uso no autorizado de dicho material est\u00e1 estrictamente prohibido.<\/p><p data-start=\"1664\" data-end=\"2086\">4. Obligaciones del Usuario<br data-start=\"2107\" data-end=\"2110\" \/>El Usuario se compromete a utilizar el Sitio web de manera responsable y legal. Lo siguiente est\u00e1 estrictamente prohibido:<br data-start=\"2219\" data-end=\"2222\" \/>a) Utilizar el Sitio web para fines il\u00edcitos o fraudulentos.<br data-start=\"2279\" data-end=\"2282\" \/>b) Compartir contenido ofensivo, difamatorio o que infrinja los derechos de terceros.<br data-start=\"2377\" data-end=\"2380\" \/>c) Recolectar o almacenar informaci\u00f3n personal de otros usuarios sin su consentimiento.<br data-start=\"2463\" data-end=\"2466\" \/>d) Intentar acceder a los sistemas inform\u00e1ticos o redes de la Cl\u00ednica sin autorizaci\u00f3n.<\/p><p data-start=\"2561\" data-end=\"2900\">5. Limitaci\u00f3n de Responsabilidad<br data-start=\"2584\" data-end=\"2587\" \/>La Cl\u00ednica no puede asegurar que el sitio web est\u00e9 libre de errores, virus u otros elementos perjudiciales. La Cl\u00ednica tampoco se hace responsable por da\u00f1os directos, indirectos o de cualquier tipo que puedan surgir por el uso, o la imposibilidad de usar, este sitio web o por la confianza que se deposite en la informaci\u00f3n que contiene.<\/p><p data-start=\"2905\" data-end=\"3166\">6. Enlaces a sitios de terceros<br data-start=\"2931\" data-end=\"2934\" \/>El sitio web podr\u00eda tener enlaces a p\u00e1ginas de terceros. Estos enlaces se incluyen solo para comodidad del usuario. La Cl\u00ednica no tiene ning\u00fan control sobre dichos sitios y no se hace responsable ni de su contenido, ni de sus pol\u00edticas de privacidad, ni de sus pr\u00e1cticas.<\/p><p data-start=\"3171\" data-end=\"3590\">7. Ley aplicable y Jurisdicci\u00f3n<br data-start=\"3202\" data-end=\"3205\" \/>Estos T\u00e9rminos se rigen por las leyes de la Rep\u00fablica de Colombia. Cualquier disputa relacionada con estos T\u00e9rminos se someter\u00e1 a la jurisdicci\u00f3n exclusiva de los tribunales de la ciudad de Barranquilla, Colombia.<br data-start=\"3406\" data-end=\"3409\" \/>Notas para el abogado: Es importante confirmar que la jurisdicci\u00f3n exclusiva aplique tambi\u00e9n a los pacientes internacionales, dejando claro que el contrato se celebr\u00f3 en Colombia.<\/p><p data-start=\"3595\" data-end=\"3782\">8. Modificaciones<br data-start=\"3608\" data-end=\"3611\" \/>La Cl\u00ednica se reserva el derecho de modificar o actualizar estos T\u00e9rminos en cualquier momento. Si usted contin\u00faa usando el sitio web despu\u00e9s de dichas modificaciones, esto constituye su aceptaci\u00f3n de los nuevos T\u00e9rminos.<\/p>\t\t\t\t\t\t\t\t<\/div>\n\t\t\t\t<div class=\"elementor-element elementor-element-50cd9409 elementor-widget elementor-widget-spacer\" data-id=\"50cd9409\" data-element_type=\"widget\" data-e-type=\"widget\" data-widget_type=\"spacer.default\">\n\t\t\t\t\t\t\t<div class=\"elementor-spacer\">\n\t\t\t<div class=\"elementor-spacer-inner\"><\/div>\n\t\t<\/div>\n\t\t\t\t\t\t<\/div>\n\t\t\t\t\t<\/div>\n\t\t\t\t<\/div>\n\t\t\t\t<\/div>","protected":false},"excerpt":{"rendered":"<p>QUEEN CATALINA PLASTIC SURGERY CLINIC General Terms and Conditions 1. Acceptance and PurposeThis document establishes the General Terms and Conditions (hereinafter, \u201cTerms\u201d) that govern the use of the website https:\/\/queencatalinaplasticsurgery.com (hereinafter, the \u201cWebsite\u201d), owned by Queen Catalina Plastic Surgery (hereinafter, the \u201cClinic\u201d). By accessing, browsing, and using this Website, you (hereinafter, the \u201cUser\u201d) agree to [&hellip;]<\/p>","protected":false},"author":1,"featured_media":0,"parent":0,"menu_order":0,"comment_status":"closed","ping_status":"closed","template":"","meta":{"footnotes":""},"class_list":["post-11431","page","type-page","status-publish","hentry"],"yoast_head":"<!-- This site is optimized with the Yoast SEO Premium plugin v26.0 (Yoast SEO v27.2) - https:\/\/yoast.com\/product\/yoast-seo-premium-wordpress\/ -->\n<title>Terms &amp; Conditions | Queen Catalina Plastic Surgery<\/title>\n<meta name=\"description\" content=\"Terms and conditions of use for Queen Catalina. Understand site policies, user rights, and commitment to patient trust and compliance.\" \/>\n<meta name=\"robots\" content=\"index, follow, max-snippet:-1, max-image-preview:large, max-video-preview:-1\" \/>\n<link rel=\"canonical\" href=\"https:\/\/queencatalinaplasticsurgery.com\/es\/terminos-y-condiciones-generales\/\" \/>\n<meta property=\"og:locale\" content=\"es_ES\" \/>\n<meta property=\"og:type\" content=\"article\" \/>\n<meta property=\"og:title\" content=\"Terms &amp; Conditions\" \/>\n<meta property=\"og:description\" content=\"Terms and conditions of use for Queen Catalina. Understand site policies, user rights, and commitment to patient trust and compliance.\" \/>\n<meta property=\"og:url\" content=\"https:\/\/queencatalinaplasticsurgery.com\/es\/terminos-y-condiciones-generales\/\" \/>\n<meta property=\"og:site_name\" content=\"Queen Catalina Plastic Surgery\" \/>\n<meta property=\"article:publisher\" content=\"https:\/\/www.facebook.com\/p\/Queen-Catalina-Plastic-Surgery-100082302897975\/?_rdr\" \/>\n<meta property=\"article:modified_time\" content=\"2025-09-30T16:45:59+00:00\" \/>\n<meta name=\"twitter:card\" content=\"summary_large_image\" \/>\n<meta name=\"twitter:label1\" content=\"Tiempo de lectura\" \/>\n\t<meta name=\"twitter:data1\" content=\"3 minutos\" \/>\n<script type=\"application\/ld+json\" class=\"yoast-schema-graph\">{\"@context\":\"https:\/\/schema.org\",\"@graph\":[{\"@type\":\"WebPage\",\"@id\":\"https:\/\/queencatalinaplasticsurgery.com\/terms-and-conditions-of-use\/\",\"url\":\"https:\/\/queencatalinaplasticsurgery.com\/terms-and-conditions-of-use\/\",\"name\":\"Terms & Conditions | Queen Catalina Plastic Surgery\",\"isPartOf\":{\"@id\":\"https:\/\/queencatalinaplasticsurgery.com\/#website\"},\"datePublished\":\"2025-09-15T16:33:27+00:00\",\"dateModified\":\"2025-09-30T16:45:59+00:00\",\"description\":\"Terms and conditions of use for Queen Catalina. Understand site policies, user rights, and commitment to patient trust and compliance.\",\"breadcrumb\":{\"@id\":\"https:\/\/queencatalinaplasticsurgery.com\/terms-and-conditions-of-use\/#breadcrumb\"},\"inLanguage\":\"es-CO\",\"potentialAction\":[{\"@type\":\"ReadAction\",\"target\":[\"https:\/\/queencatalinaplasticsurgery.com\/terms-and-conditions-of-use\/\"]}]},{\"@type\":\"BreadcrumbList\",\"@id\":\"https:\/\/queencatalinaplasticsurgery.com\/terms-and-conditions-of-use\/#breadcrumb\",\"itemListElement\":[{\"@type\":\"ListItem\",\"position\":1,\"name\":\"Portada\",\"item\":\"https:\/\/queencatalinaplasticsurgery.com\/\"},{\"@type\":\"ListItem\",\"position\":2,\"name\":\"Terms &#038; Conditions\"}]},{\"@type\":\"WebSite\",\"@id\":\"https:\/\/queencatalinaplasticsurgery.com\/#website\",\"url\":\"https:\/\/queencatalinaplasticsurgery.com\/\",\"name\":\"Queen Catalina Plastic Surgery\",\"description\":\"Queen Catalina Plastic Surgery is the specialized Plastic and Reconstructive Surgery unit of the esteemed Reina Catalina Clinic, a nationally recognized top-tier clinic  located in Barranquilla, Colombia. Continuing the profound legacy of our founder, Dr. Ricardo Manzur, our institution is fundamentally committed to excellence and patient safety. Our team of board-certified surgeons provides advanced aesthetic and reconstructive procedures within a state-of-the-art hospital infrastructure. We adhere to the most rigorous international standards to deliver superior surgical outcomes for our domestic and international patients.\",\"publisher\":{\"@id\":\"https:\/\/queencatalinaplasticsurgery.com\/#organization\"},\"potentialAction\":[{\"@type\":\"SearchAction\",\"target\":{\"@type\":\"EntryPoint\",\"urlTemplate\":\"https:\/\/queencatalinaplasticsurgery.com\/?s={search_term_string}\"},\"query-input\":{\"@type\":\"PropertyValueSpecification\",\"valueRequired\":true,\"valueName\":\"search_term_string\"}}],\"inLanguage\":\"es-CO\"},{\"@type\":\"Organization\",\"@id\":\"https:\/\/queencatalinaplasticsurgery.com\/#organization\",\"name\":\"Queen Catalina Plastic Surgery\",\"url\":\"https:\/\/queencatalinaplasticsurgery.com\/\",\"logo\":{\"@type\":\"ImageObject\",\"inLanguage\":\"es-CO\",\"@id\":\"https:\/\/queencatalinaplasticsurgery.com\/#\/schema\/logo\/image\/\",\"url\":\"https:\/\/queencatalinaplasticsurgery.com\/wp-content\/uploads\/2025\/09\/page-logo-qc-img1-queen-catalina.svg\",\"contentUrl\":\"https:\/\/queencatalinaplasticsurgery.com\/wp-content\/uploads\/2025\/09\/page-logo-qc-img1-queen-catalina.svg\",\"width\":726,\"height\":276,\"caption\":\"Queen Catalina Plastic Surgery\"},\"image\":{\"@id\":\"https:\/\/queencatalinaplasticsurgery.com\/#\/schema\/logo\/image\/\"},\"sameAs\":[\"https:\/\/www.facebook.com\/p\/Queen-Catalina-Plastic-Surgery-100082302897975\/?_rdr\",\"https:\/\/www.instagram.com\/queencatalinaplasticsurgery\/\",\"https:\/\/www.tiktok.com\/@queencatalinapsc\"]}]}<\/script>\n<!-- \/ Yoast SEO Premium plugin. -->","yoast_head_json":{"title":"Terms & Conditions | Queen Catalina Plastic Surgery","description":"T\u00e9rminos y condiciones de uso de Queen Catalina. Conoce las pol\u00edticas del sitio, los derechos de los usuarios y el compromiso con la confianza y el cumplimiento de los pacientes.","robots":{"index":"index","follow":"follow","max-snippet":"max-snippet:-1","max-image-preview":"max-image-preview:large","max-video-preview":"max-video-preview:-1"},"canonical":"https:\/\/queencatalinaplasticsurgery.com\/es\/terminos-y-condiciones-generales\/","og_locale":"es_ES","og_type":"article","og_title":"Terms & Conditions","og_description":"Terms and conditions of use for Queen Catalina. Understand site policies, user rights, and commitment to patient trust and compliance.","og_url":"https:\/\/queencatalinaplasticsurgery.com\/es\/terminos-y-condiciones-generales\/","og_site_name":"Queen Catalina Plastic Surgery","article_publisher":"https:\/\/www.facebook.com\/p\/Queen-Catalina-Plastic-Surgery-100082302897975\/?_rdr","article_modified_time":"2025-09-30T16:45:59+00:00","twitter_card":"summary_large_image","twitter_misc":{"Tiempo de lectura":"3 minutos"},"schema":{"@context":"https:\/\/schema.org","@graph":[{"@type":"WebPage","@id":"https:\/\/queencatalinaplasticsurgery.com\/terms-and-conditions-of-use\/","url":"https:\/\/queencatalinaplasticsurgery.com\/terms-and-conditions-of-use\/","name":"Terms & Conditions | Queen Catalina Plastic Surgery","isPartOf":{"@id":"https:\/\/queencatalinaplasticsurgery.com\/#website"},"datePublished":"2025-09-15T16:33:27+00:00","dateModified":"2025-09-30T16:45:59+00:00","description":"T\u00e9rminos y condiciones de uso de Queen Catalina. Conoce las pol\u00edticas del sitio, los derechos de los usuarios y el compromiso con la confianza y el cumplimiento de los pacientes.","breadcrumb":{"@id":"https:\/\/queencatalinaplasticsurgery.com\/terms-and-conditions-of-use\/#breadcrumb"},"inLanguage":"es-CO","potentialAction":[{"@type":"ReadAction","target":["https:\/\/queencatalinaplasticsurgery.com\/terms-and-conditions-of-use\/"]}]},{"@type":"BreadcrumbList","@id":"https:\/\/queencatalinaplasticsurgery.com\/terms-and-conditions-of-use\/#breadcrumb","itemListElement":[{"@type":"ListItem","position":1,"name":"Portada","item":"https:\/\/queencatalinaplasticsurgery.com\/"},{"@type":"ListItem","position":2,"name":"Terms &#038; Conditions"}]},{"@type":"WebSite","@id":"https:\/\/queencatalinaplasticsurgery.com\/#website","url":"https:\/\/queencatalinaplasticsurgery.com\/","name":"Queen Catalina Plastic Surgery","description":"Queen Catalina Plastic Surgery is the specialized Plastic and Reconstructive Surgery unit of the esteemed Reina Catalina Clinic, a nationally recognized top-tier clinic  located in Barranquilla, Colombia. Continuing the profound legacy of our founder, Dr. Ricardo Manzur, our institution is fundamentally committed to excellence and patient safety. Our team of board-certified surgeons provides advanced aesthetic and reconstructive procedures within a state-of-the-art hospital infrastructure. We adhere to the most rigorous international standards to deliver superior surgical outcomes for our domestic and international patients.","publisher":{"@id":"https:\/\/queencatalinaplasticsurgery.com\/#organization"},"potentialAction":[{"@type":"SearchAction","target":{"@type":"EntryPoint","urlTemplate":"https:\/\/queencatalinaplasticsurgery.com\/?s={search_term_string}"},"query-input":{"@type":"PropertyValueSpecification","valueRequired":true,"valueName":"search_term_string"}}],"inLanguage":"es-CO"},{"@type":"Organization","@id":"https:\/\/queencatalinaplasticsurgery.com\/#organization","name":"Queen Catalina Plastic Surgery","url":"https:\/\/queencatalinaplasticsurgery.com\/","logo":{"@type":"ImageObject","inLanguage":"es-CO","@id":"https:\/\/queencatalinaplasticsurgery.com\/#\/schema\/logo\/image\/","url":"https:\/\/queencatalinaplasticsurgery.com\/wp-content\/uploads\/2025\/09\/page-logo-qc-img1-queen-catalina.svg","contentUrl":"https:\/\/queencatalinaplasticsurgery.com\/wp-content\/uploads\/2025\/09\/page-logo-qc-img1-queen-catalina.svg","width":726,"height":276,"caption":"Queen Catalina Plastic Surgery"},"image":{"@id":"https:\/\/queencatalinaplasticsurgery.com\/#\/schema\/logo\/image\/"},"sameAs":["https:\/\/www.facebook.com\/p\/Queen-Catalina-Plastic-Surgery-100082302897975\/?_rdr","https:\/\/www.instagram.com\/queencatalinaplasticsurgery\/","https:\/\/www.tiktok.com\/@queencatalinapsc"]}]}},"_links":{"self":[{"href":"https:\/\/queencatalinaplasticsurgery.com\/es\/wp-json\/wp\/v2\/pages\/11431","targetHints":{"allow":["GET"]}}],"collection":[{"href":"https:\/\/queencatalinaplasticsurgery.com\/es\/wp-json\/wp\/v2\/pages"}],"about":[{"href":"https:\/\/queencatalinaplasticsurgery.com\/es\/wp-json\/wp\/v2\/types\/page"}],"author":[{"embeddable":true,"href":"https:\/\/queencatalinaplasticsurgery.com\/es\/wp-json\/wp\/v2\/users\/1"}],"replies":[{"embeddable":true,"href":"https:\/\/queencatalinaplasticsurgery.com\/es\/wp-json\/wp\/v2\/comments?post=11431"}],"version-history":[{"count":7,"href":"https:\/\/queencatalinaplasticsurgery.com\/es\/wp-json\/wp\/v2\/pages\/11431\/revisions"}],"predecessor-version":[{"id":11477,"href":"https:\/\/queencatalinaplasticsurgery.com\/es\/wp-json\/wp\/v2\/pages\/11431\/revisions\/11477"}],"wp:attachment":[{"href":"https:\/\/queencatalinaplasticsurgery.com\/es\/wp-json\/wp\/v2\/media?parent=11431"}],"curies":[{"name":"wp","href":"https:\/\/api.w.org\/{rel}","templated":true}]}}